{"id":52297,"date":"2024-09-26T16:12:31","date_gmt":"2024-09-26T14:12:31","guid":{"rendered":"https:\/\/test.innovapetwood.com\/pillows\/"},"modified":"2024-12-12T12:55:20","modified_gmt":"2024-12-12T11:55:20","slug":"blazine","status":"publish","type":"page","link":"https:\/\/test.innovapetwood.com\/sl\/blazine\/","title":{"rendered":"Blazine"},"content":{"rendered":"\t\t<div data-elementor-type=\"wp-page\" data-elementor-id=\"52297\" class=\"elementor elementor-52297 elementor-51520\">\n\t\t\t\t<div class=\"elementor-element elementor-element-54cf272 e-con-full e-flex e-con e-parent\" data-id=\"54cf272\" data-element_type=\"container\">\n\t\t<div class=\"elementor-element elementor-element-7c26650 e-con-full e-flex e-con e-child\" data-id=\"7c26650\" data-element_type=\"container\">\n\t\t\t\t<div class=\"elementor-element elementor-element-c7542aa elementor-widget elementor-widget-slider_revolution\" data-id=\"c7542aa\" data-element_type=\"widget\" data-widget_type=\"slider_revolution.default\">\n\t\t\t\t<div class=\"elementor-widget-container\">\n\t\t\t\n\t\t<div class=\"wp-block-themepunch-revslider\">\n\t\t\t\t<p class=\"rs-p-wp-fix\"><\/p>\n\t\t\t\t<sr7-module data-alias=\"product-showcase-pillows\" data-id=\"16\" id=\"SR7_16_1\" class=\"rs-ov-hidden\" data-version=\"6.7.15\">\n\t\t\t\t\t<sr7-adjuster><\/sr7-adjuster>\n\t\t\t\t\t<sr7-content>\n\t\t\t\t\t\t<sr7-slide id=\"SR7_16_1-94\" data-key=\"94\">\n\t\t\t\t\t\t\t<sr7-bg id=\"SR7_16_1-94-9\" class=\"sr7-layer\"><noscript><img decoding=\"async\" src=\"https:\/\/test.innovapetwood.com\/wp-content\/uploads\/2024\/09\/showcase-pillows1-1.jpg\" alt=\"\" title=\"showcase-pillows1\"><\/noscript><\/sr7-bg>\n\t\t\t\t\t\t\t<sr7-txt id=\"SR7_16_1-94-6\" class=\"sr7-layer\">BLAZINE<\/sr7-txt>\n\t\t\t\t\t\t\t<a id=\"SR7_16_1-94-8\" class=\"sr7-layer\" href=\"#stock\" target=\"_self\">Preveri zalogo<\/a>\n\t\t\t\t\t\t<\/sr7-slide>\n\t\t\t\t\t\t<sr7-slide id=\"SR7_16_1-75\" data-key=\"75\">\n\t\t\t\t\t\t<\/sr7-slide>\n\t\t\t\t\t<\/sr7-content>\n\t\t\t\t\t<image_lists style=\"display:none\">\n\t\t\t\t\t\t<img data-src=\"\/\/test.innovapetwood.com\/wp-content\/uploads\/2024\/09\/showcase-pillows1-1.jpg\" data-libid=\"51547\" data-lib=\"medialibrary\" title=\"showcase-pillows1\" width=\"0\" height=\"0\" data-dbsrc=\"Ly90ZXN0Lmlubm92YXBldHdvb2QuY29tL3dwLWNvbnRlbnQvdXBsb2Fkcy8yMDI0LzA5L3Nob3djYXNlLXBpbGxvd3MxLTEuanBn\"\/>\n\t\t\t\t\t<\/image_lists>\n\t\t\t\t<\/sr7-module>\n\t\t\t\t<script>\n\t\t\t\t\tSR7.PMH ??={}; SR7.PMH[\"SR7_16_1\"] = {cn:0,state:false,fn: function() { if (_tpt!==undefined && _tpt.prepareModuleHeight !== undefined) {  _tpt.prepareModuleHeight({id:\"SR7_16_1\",el:[650,650,550,450,350],type:'standard',shdw:'0',gh:[650,650,550,450,350],gw:[1920,1920,1024,768,480],vpt:['-200px&#039;,&#039;-200px&#039;,&#039;-200px&#039;,&#039;-200px&#039;,&#039;-200px'],size:{fullWidth:true, fullHeight:false},mh:'0',onh:0,onw:0,bg:{color:'{\"orig\":\"transparent\",\"type\":\"solid\",\"string\":\"transparent\"}'},plType:'5',plColor:'#FFFFFF'});   SR7.PMH[\"SR7_16_1\"].state=true;} else if((SR7.PMH[\"SR7_16_1\"].cn++)<100)\tsetTimeout( SR7.PMH[\"SR7_16_1\"].fn,19);}};SR7.PMH[\"SR7_16_1\" ].fn();\n\t\t\t\t<\/script>\n<\/div>\n\n\t\t\t\t<\/div>\n\t\t\t\t<\/div>\n\t\t\t\t<\/div>\n\t\t\t\t<\/div>\n\t\t\t\t<section class=\"elementor-section elementor-top-section elementor-element elementor-element-5990063 elementor-section-boxed elementor-section-height-default elementor-section-height-default\" data-id=\"5990063\" data-element_type=\"section\">\n\t\t\t\t\t\t<div class=\"elementor-container elementor-column-gap-default\">\n\t\t\t\t\t<div class=\"elementor-column elementor-col-50 elementor-top-column elementor-element elementor-element-568c317\" data-id=\"568c317\" data-element_type=\"column\">\n\t\t\t<div class=\"elementor-widget-wrap elementor-element-populated\">\n\t\t\t\t\t\t<div class=\"elementor-element elementor-element-75ef3b5 elementor-arrows-position-inside elementor-widget elementor-widget-image-carousel\" data-id=\"75ef3b5\" data-element_type=\"widget\" data-settings=\"{&quot;slides_to_show&quot;:&quot;1&quot;,&quot;navigation&quot;:&quot;arrows&quot;,&quot;autoplay_speed&quot;:3000,&quot;autoplay&quot;:&quot;yes&quot;,&quot;pause_on_hover&quot;:&quot;yes&quot;,&quot;pause_on_interaction&quot;:&quot;yes&quot;,&quot;infinite&quot;:&quot;yes&quot;,&quot;effect&quot;:&quot;slide&quot;,&quot;speed&quot;:500}\" data-widget_type=\"image-carousel.default\">\n\t\t\t\t<div class=\"elementor-widget-container\">\n\t\t\t\t\t<div class=\"elementor-image-carousel-wrapper swiper\" dir=\"ltr\">\n\t\t\t<div class=\"elementor-image-carousel swiper-wrapper swiper-image-stretch\" aria-live=\"off\">\n\t\t\t\t\t\t\t\t<div class=\"swiper-slide\" role=\"group\" aria-roledescription=\"slide\" aria-label=\"1 of 7\"><figure class=\"swiper-slide-inner\"><img decoding=\"async\" class=\"swiper-slide-image\" src=\"https:\/\/test.innovapetwood.com\/wp-content\/uploads\/2024\/09\/showcase-pillows1-768x576.jpg\" alt=\"showcase-pillows1\" \/><\/figure><\/div><div class=\"swiper-slide\" role=\"group\" aria-roledescription=\"slide\" aria-label=\"2 of 7\"><figure class=\"swiper-slide-inner\"><img decoding=\"async\" class=\"swiper-slide-image\" src=\"https:\/\/test.innovapetwood.com\/wp-content\/uploads\/2024\/09\/showcase-pillows8-768x576.jpg\" alt=\"showcase-pillows8\" \/><\/figure><\/div><div class=\"swiper-slide\" role=\"group\" aria-roledescription=\"slide\" aria-label=\"3 of 7\"><figure class=\"swiper-slide-inner\"><img decoding=\"async\" class=\"swiper-slide-image\" src=\"https:\/\/test.innovapetwood.com\/wp-content\/uploads\/2024\/09\/showcase-pillows5-768x576.jpg\" alt=\"showcase-pillows5\" \/><\/figure><\/div><div class=\"swiper-slide\" role=\"group\" aria-roledescription=\"slide\" aria-label=\"4 of 7\"><figure class=\"swiper-slide-inner\"><img decoding=\"async\" class=\"swiper-slide-image\" src=\"https:\/\/test.innovapetwood.com\/wp-content\/uploads\/2024\/09\/showcase-pillows4-768x576.jpg\" alt=\"showcase-pillows4\" \/><\/figure><\/div><div class=\"swiper-slide\" role=\"group\" aria-roledescription=\"slide\" aria-label=\"5 of 7\"><figure class=\"swiper-slide-inner\"><img decoding=\"async\" class=\"swiper-slide-image\" src=\"https:\/\/test.innovapetwood.com\/wp-content\/uploads\/2024\/09\/showcase-pillows3-768x576.jpg\" alt=\"showcase-pillows3\" \/><\/figure><\/div><div class=\"swiper-slide\" role=\"group\" aria-roledescription=\"slide\" aria-label=\"6 of 7\"><figure class=\"swiper-slide-inner\"><img decoding=\"async\" class=\"swiper-slide-image\" src=\"https:\/\/test.innovapetwood.com\/wp-content\/uploads\/2024\/09\/showcase-pillows2-768x576.jpg\" alt=\"showcase-pillows2\" \/><\/figure><\/div><div class=\"swiper-slide\" role=\"group\" aria-roledescription=\"slide\" aria-label=\"7 of 7\"><figure class=\"swiper-slide-inner\"><img decoding=\"async\" class=\"swiper-slide-image\" src=\"https:\/\/test.innovapetwood.com\/wp-content\/uploads\/2024\/09\/showcase-pillows7-768x576.jpg\" alt=\"showcase-pillows7\" \/><\/figure><\/div>\t\t\t<\/div>\n\t\t\t\t\t\t\t\t\t\t\t\t<div class=\"elementor-swiper-button elementor-swiper-button-prev\" role=\"button\" tabindex=\"0\">\n\t\t\t\t\t\t<svg aria-hidden=\"true\" class=\"e-font-icon-svg e-fas-chevron-circle-left\" viewBox=\"0 0 512 512\" xmlns=\"http:\/\/www.w3.org\/2000\/svg\"><path d=\"M256 504C119 504 8 393 8 256S119 8 256 8s248 111 248 248-111 248-248 248zM142.1 273l135.5 135.5c9.4 9.4 24.6 9.4 33.9 0l17-17c9.4-9.4 9.4-24.6 0-33.9L226.9 256l101.6-101.6c9.4-9.4 9.4-24.6 0-33.9l-17-17c-9.4-9.4-24.6-9.4-33.9 0L142.1 239c-9.4 9.4-9.4 24.6 0 34z\"><\/path><\/svg>\t\t\t\t\t<\/div>\n\t\t\t\t\t<div class=\"elementor-swiper-button elementor-swiper-button-next\" role=\"button\" tabindex=\"0\">\n\t\t\t\t\t\t<svg aria-hidden=\"true\" class=\"e-font-icon-svg e-fas-chevron-circle-right\" viewBox=\"0 0 512 512\" xmlns=\"http:\/\/www.w3.org\/2000\/svg\"><path d=\"M256 8c137 0 248 111 248 248S393 504 256 504 8 393 8 256 119 8 256 8zm113.9 231L234.4 103.5c-9.4-9.4-24.6-9.4-33.9 0l-17 17c-9.4 9.4-9.4 24.6 0 33.9L285.1 256 183.5 357.6c-9.4 9.4-9.4 24.6 0 33.9l17 17c9.4 9.4 24.6 9.4 33.9 0L369.9 273c9.4-9.4 9.4-24.6 0-34z\"><\/path><\/svg>\t\t\t\t\t<\/div>\n\t\t\t\t\n\t\t\t\t\t\t\t\t\t<\/div>\n\t\t\t\t<\/div>\n\t\t\t\t<\/div>\n\t\t\t\t\t<\/div>\n\t\t<\/div>\n\t\t\t\t<div class=\"elementor-column elementor-col-50 elementor-top-column elementor-element elementor-element-7427680\" data-id=\"7427680\" data-element_type=\"column\">\n\t\t\t<div class=\"elementor-widget-wrap elementor-element-populated\">\n\t\t\t\t\t\t<div class=\"elementor-element elementor-element-bca14ab elementor-widget elementor-widget-heading\" data-id=\"bca14ab\" data-element_type=\"widget\" data-widget_type=\"heading.default\">\n\t\t\t\t<div class=\"elementor-widget-container\">\n\t\t\t<h3 class=\"elementor-heading-title elementor-size-default\">Material blazin<\/h3>\t\t<\/div>\n\t\t\t\t<\/div>\n\t\t\t\t<div class=\"elementor-element elementor-element-03b0af9 elementor-widget elementor-widget-text-editor\" data-id=\"03b0af9\" data-element_type=\"widget\" data-widget_type=\"text-editor.default\">\n\t\t\t\t<div class=\"elementor-widget-container\">\n\t\t\t\t\t\t\t<ul class=\"ul1\"><li class=\"li1\">omogo\u010da pranje v pralnem stroju<\/li><li class=\"li1\">je ortopedsko udoben<\/li><\/ul>\t\t\t\t\t\t<\/div>\n\t\t\t\t<\/div>\n\t\t\t\t\t<\/div>\n\t\t<\/div>\n\t\t\t\t\t<\/div>\n\t\t<\/section>\n\t\t\t\t<section class=\"elementor-section elementor-top-section elementor-element elementor-element-b4e221e elementor-section-boxed elementor-section-height-default elementor-section-height-default\" data-id=\"b4e221e\" data-element_type=\"section\">\n\t\t\t\t\t\t<div class=\"elementor-container elementor-column-gap-default\">\n\t\t\t\t\t<div class=\"elementor-column elementor-col-100 elementor-top-column elementor-element elementor-element-473c8fa\" data-id=\"473c8fa\" data-element_type=\"column\">\n\t\t\t<div class=\"elementor-widget-wrap elementor-element-populated\">\n\t\t\t\t\t\t<section class=\"elementor-section elementor-inner-section elementor-element elementor-element-bf71619 elementor-section-boxed elementor-section-height-default elementor-section-height-default\" data-id=\"bf71619\" data-element_type=\"section\">\n\t\t\t\t\t\t<div class=\"elementor-container elementor-column-gap-default\">\n\t\t\t\t\t<div class=\"elementor-column elementor-col-100 elementor-inner-column elementor-element elementor-element-65bab38\" data-id=\"65bab38\" data-element_type=\"column\">\n\t\t\t<div class=\"elementor-widget-wrap elementor-element-populated\">\n\t\t\t\t\t\t<div class=\"elementor-element elementor-element-d529f7f elementor-widget elementor-widget-text-editor\" data-id=\"d529f7f\" data-element_type=\"widget\" data-widget_type=\"text-editor.default\">\n\t\t\t\t<div class=\"elementor-widget-container\">\n\t\t\t\t\t\t\t<p>V InnovaPetWood se trajnost sre\u010da z dizajnom. Preprosta za vzdr\u017eevanje in brez\u010dasna \u2013 ni le postelja, temve\u010d izraz brez\u010dasne elegance in udobja za va\u0161ega \u0161tirino\u017enega prijatelja. InnovaPetWood za tiste, ki radi gnezdijo, za \u017eiv\u010dne, za elegantno oble\u010dene, majhne in izku\u0161ene.<\/p>\t\t\t\t\t\t<\/div>\n\t\t\t\t<\/div>\n\t\t\t\t\t<\/div>\n\t\t<\/div>\n\t\t\t\t\t<\/div>\n\t\t<\/section>\n\t\t\t\t\t<\/div>\n\t\t<\/div>\n\t\t\t\t\t<\/div>\n\t\t<\/section>\n\t\t\t\t<section class=\"elementor-section elementor-top-section elementor-element elementor-element-8cf3bfc elementor-section-boxed elementor-section-height-default elementor-section-height-default\" data-id=\"8cf3bfc\" data-element_type=\"section\">\n\t\t\t\t\t\t<div class=\"elementor-container elementor-column-gap-default\">\n\t\t\t\t\t<div class=\"elementor-column elementor-col-50 elementor-top-column elementor-element elementor-element-8ff6cb8\" data-id=\"8ff6cb8\" data-element_type=\"column\">\n\t\t\t<div class=\"elementor-widget-wrap elementor-element-populated\">\n\t\t\t\t\t\t<div class=\"elementor-element elementor-element-8626d3a elementor-widget elementor-widget-heading\" data-id=\"8626d3a\" data-element_type=\"widget\" data-widget_type=\"heading.default\">\n\t\t\t\t<div class=\"elementor-widget-container\">\n\t\t\t<h3 class=\"elementor-heading-title elementor-size-default\">Vzdr\u017eevanje<\/h3>\t\t<\/div>\n\t\t\t\t<\/div>\n\t\t\t\t<div class=\"elementor-element elementor-element-912dcd3 elementor-widget elementor-widget-text-editor\" data-id=\"912dcd3\" data-element_type=\"widget\" data-widget_type=\"text-editor.default\">\n\t\t\t\t<div class=\"elementor-widget-container\">\n\t\t\t\t\t\t\t<ul><li>Pralni pra\u0161ek: ne\u017een, brez vonja<\/li><li>Temperatura vode: hladna do topla 30\u00b0C<\/li><li>Tip su\u0161enja: nizka temperatura ali su\u0161enje na zraku<\/li><li>Posebni postopki: predhodno obdelajte made\u017ee, nikoli ne uporabljajte agresivnih \u010distilnih sredstev, ker lahko po\u0161kodujejo material.<\/li><li>Likanje: Ni potrebno<\/li><\/ul>\t\t\t\t\t\t<\/div>\n\t\t\t\t<\/div>\n\t\t\t\t\t<\/div>\n\t\t<\/div>\n\t\t\t\t<div class=\"elementor-column elementor-col-50 elementor-top-column elementor-element elementor-element-72ae698\" data-id=\"72ae698\" data-element_type=\"column\">\n\t\t\t<div class=\"elementor-widget-wrap elementor-element-populated\">\n\t\t\t\t\t\t<div class=\"elementor-element elementor-element-c5c4b1c elementor-widget elementor-widget-bwp_image\" data-id=\"c5c4b1c\" data-element_type=\"widget\" data-widget_type=\"bwp_image.default\">\n\t\t\t\t<div class=\"elementor-widget-container\">\n\t\t\t<div class=\"bwp-widget-banner default\">\r\n\t\t\r\n\t<div class=\"bg-banner\">\t\t\r\n\t\t<div class=\"banner-wrapper banners\">\r\n\t\t\t<div class=\"bwp-image \">\r\n\t\t\t\t\t\t\t\t\t<a href=\"#\"><img decoding=\"async\" src=\"https:\/\/test.innovapetwood.com\/wp-content\/uploads\/2024\/09\/showcase-pillows9.jpg\" alt=\"Banner Image\"><\/a>\r\n\t\t\t\t\t\t\t<\/div>\r\n\t\t\t<div class=\"banner-wrapper-infor\">\r\n\t\t\t\t<div class=\"info\">\r\n\t\t\t\t\t\t\t\t\t\t\t\t\t\t\t\t\t\t\t\t\t\t\t\t<\/div>\r\n\t\t\t<\/div>\r\n\t\t<\/div>\r\n\t<\/div>\r\n\t<\/div>\r\n\t\t<\/div>\n\t\t\t\t<\/div>\n\t\t\t\t\t<\/div>\n\t\t<\/div>\n\t\t\t\t\t<\/div>\n\t\t<\/section>\n\t\t\t\t<section class=\"elementor-section elementor-top-section elementor-element elementor-element-999679a elementor-hidden-desktop elementor-hidden-tablet elementor-hidden-mobile elementor-section-boxed elementor-section-height-default elementor-section-height-default\" data-id=\"999679a\" data-element_type=\"section\" id=\"stock\">\n\t\t\t\t\t\t<div class=\"elementor-container elementor-column-gap-default\">\n\t\t\t\t\t<div class=\"elementor-column elementor-col-100 elementor-top-column elementor-element elementor-element-5d721f6\" data-id=\"5d721f6\" data-element_type=\"column\">\n\t\t\t<div class=\"elementor-widget-wrap elementor-element-populated\">\n\t\t\t\t\t\t<div class=\"elementor-element elementor-element-54212ce elementor-widget elementor-widget-shortcode\" data-id=\"54212ce\" data-element_type=\"widget\" data-widget_type=\"shortcode.default\">\n\t\t\t\t<div class=\"elementor-widget-container\">\n\t\t\t\t\t<div class=\"elementor-shortcode\">\n<table id=\"tablepress-5\" class=\"tablepress tablepress-id-5\">\n<thead>\n<tr class=\"row-1\">\n\t<th class=\"column-1\"><\/th><th class=\"column-2\">Size &amp; Weight<\/th><th class=\"column-3\">Material<\/th><th class=\"column-4\">Code<\/th><th class=\"column-5\">Price<\/th><th class=\"column-6\"><\/th>\n<\/tr>\n<\/thead>\n<tbody class=\"row-striping row-hover\">\n<tr class=\"row-2\">\n\t<td class=\"column-1\"><\/td><td class=\"column-2\"><\/td><td class=\"column-3\"><\/td><td class=\"column-4\"><\/td><td class=\"column-5\"><\/td><td class=\"column-6\"><\/td>\n<\/tr>\n<tr class=\"row-3\">\n\t<td class=\"column-1\"><a href=\"https:\/\/test.innovapetwood.com\/wp-content\/uploads\/2024\/08\/C-01-01-1024x768.jpg\"><img fetchpriority=\"high\" decoding=\"async\" src=\"https:\/\/test.innovapetwood.com\/wp-content\/uploads\/2024\/08\/C-01-01-300x225.jpg\" alt=\"\" width=\"300\" height=\"225\" class=\"alignnone size-medium wp-image-51254\" \/><\/a><\/td><td class=\"column-2\">Size: S<br \/>\nW\/D\/H (cm): 42 x 48 x 42    <br \/>\nWeight (kg): 3.3<\/td><td class=\"column-3\">oak plywood<\/td><td class=\"column-4\">C-01-01<\/td><td class=\"column-5\"><strong>270 EUR<\/strong><\/td><td class=\"column-6\"><a href=\"\/inquiry?sku=C-01-01\"><input type=\"button\" value=\"Send inquiry\"><\/a><\/td>\n<\/tr>\n<\/tbody>\n<\/table>\n<!-- #tablepress-5 from cache --><\/div>\n\t\t\t\t<\/div>\n\t\t\t\t<\/div>\n\t\t\t\t<div class=\"elementor-element elementor-element-5bbf3c5 elementor-widget elementor-widget-text-editor\" data-id=\"5bbf3c5\" data-element_type=\"widget\" data-widget_type=\"text-editor.default\">\n\t\t\t\t<div class=\"elementor-widget-container\">\n\t\t\t\t\t\t\t<p class=\"p1\" style=\"text-align: right;\">Prices include 22% VAT.<\/p>\t\t\t\t\t\t<\/div>\n\t\t\t\t<\/div>\n\t\t\t\t\t<\/div>\n\t\t<\/div>\n\t\t\t\t\t<\/div>\n\t\t<\/section>\n\t\t\t\t<\/div>\n\t\t","protected":false},"excerpt":{"rendered":"<p>Material blazin omogo\u010da pranje v pralnem stroju je ortopedsko udoben V InnovaPetWood se trajnost sre\u010da z dizajnom. Preprosta za vzdr\u017eevanje in brez\u010dasna \u2013 ni le postelja, temve\u010d izraz brez\u010dasne elegance in udobja za va\u0161ega \u0161tirino\u017enega prijatelja. InnovaPetWood za tiste, ki radi gnezdijo, za \u017eiv\u010dne, za elegantno oble\u010dene, majhne in izku\u0161ene. Vzdr\u017eevanje Pralni pra\u0161ek: ne\u017een, brez [&hellip;]<\/p>\n","protected":false},"author":1,"featured_media":0,"parent":0,"menu_order":0,"comment_status":"closed","ping_status":"closed","template":"","meta":{"footnotes":""},"class_list":["post-52297","page","type-page","status-publish","hentry"],"_links":{"self":[{"href":"https:\/\/test.innovapetwood.com\/sl\/wp-json\/wp\/v2\/pages\/52297","targetHints":{"allow":["GET"]}}],"collection":[{"href":"https:\/\/test.innovapetwood.com\/sl\/wp-json\/wp\/v2\/pages"}],"about":[{"href":"https:\/\/test.innovapetwood.com\/sl\/wp-json\/wp\/v2\/types\/page"}],"author":[{"embeddable":true,"href":"https:\/\/test.innovapetwood.com\/sl\/wp-json\/wp\/v2\/users\/1"}],"replies":[{"embeddable":true,"href":"https:\/\/test.innovapetwood.com\/sl\/wp-json\/wp\/v2\/comments?post=52297"}],"version-history":[{"count":6,"href":"https:\/\/test.innovapetwood.com\/sl\/wp-json\/wp\/v2\/pages\/52297\/revisions"}],"predecessor-version":[{"id":52303,"href":"https:\/\/test.innovapetwood.com\/sl\/wp-json\/wp\/v2\/pages\/52297\/revisions\/52303"}],"wp:attachment":[{"href":"https:\/\/test.innovapetwood.com\/sl\/wp-json\/wp\/v2\/media?parent=52297"}],"curies":[{"name":"wp","href":"https:\/\/api.w.org\/{rel}","templated":true}]}}